{"id":9,"date":"2015-10-09T09:57:55","date_gmt":"2015-10-08T22:57:55","guid":{"rendered":"http:\/\/www.hotelsophia.com.au\/?page_id=9"},"modified":"2020-12-23T19:17:35","modified_gmt":"2020-12-23T08:17:35","slug":"modern-rooms","status":"publish","type":"page","link":"https:\/\/www.hotelsophia.com.au\/de\/modern-rooms\/","title":{"rendered":"Ihre Heimat in der Stadt"},"content":{"rendered":"<p><\/p>\n<h2><strong><img loading=\"lazy\" decoding=\"async\" class=\"alignright size-full wp-image-36\" src=\"https:\/\/www.hotelsophia.com.au\/wp-content\/uploads\/2015\/10\/HS-GalleryRoomStand-300x225.jpg\" alt=\"HS-GalleryRoomStand-300x225\" width=\"300\" height=\"225\" \/><\/strong><\/h2>\n<p>Erleben Sie die neue und besondere Atmosph\u00e4re, die Hotel Sophia ihnen anbietet. Mit drei Zimmerkategorien und der M\u00f6glichkeit, sie miteinander zu verbinden, um eine private Suite zu schaffen, bem\u00fcht sich Hotel Sophia seinen G\u00e4ste ein innovatives Ambiente w\u00e4hrend ihrem Aufenthalt anzubieten, ohne ihre Budget zu spr\u00e4ngen.<br \/>\nIm Sinne eines Reisenden, wurden unsere 49 Zimmer f\u00fcr ihren Komfort und ihre Bequemlichkeit sorgsam ausgestattet ; sie liefern Teppiche aus Wolle, einen Granittisch, Internetzugang wireless oder mit einem Verbindungskabel, Videos auf Wunsch, ein Klimaanlagesystem und Heizsystem, ein elektronisches Rechnungswesen, ein informatives Textbuch \u00fcber das Hotel, zu \u00f6ffnende Fenster, einen Tee und Kaffee Apparat und eine gesicherte Zugangskarte. Jedoch bietet jedes Zimmer ein ultramodernes Telephonsystem (VOIP) an, das B\u00fcro-Funktionen beinhaltet, wie einen Anrufbeantworter, direkten Zugang zu einem Zimmer und Telefonkonferenzen.<\/p>\n<p>&nbsp;<\/p>\n<p><img loading=\"lazy\" decoding=\"async\" class=\"alignright size-full wp-image-37\" src=\"https:\/\/www.hotelsophia.com.au\/wp-content\/uploads\/2015\/10\/HS-GalleryRoom2-300x225.jpg\" alt=\"HS-GalleryRoom2-300x225\" width=\"300\" height=\"225\" \/><\/p>\n<p>Um ihnen beim relaxen zu helfen haben die meisten Zimmer ein Doppelbett, damit sie erfrischt und erholt aufstehen k\u00f6nnen, um das Maximum ihres Aufenthalts in Melbourne zu genieBen.<\/p>\n<p>Beachten Sie, dass es um zu reservieren notwendig ist, eine g\u00fcltige Kreditkarte zu besitzen, um komplette Dienstleistungen ihres Aufenthalts und die eventuellen Zusatzkosten zu versichern.<\/p>\n<p><a href=\"https:\/\/www.hotelsophia.com.au\/superior\/\">Superior<\/a> | <a href=\"https:\/\/www.hotelsophia.com.au\/modern-rooms\/standard\/\">Standard<\/a> | <a href=\"https:\/\/www.hotelsophia.com.au\/modern-rooms\/economy\/\">Economy<\/a><\/p>","protected":false},"excerpt":{"rendered":"<p>Erleben Sie die neue und besondere Atmosph\u00e4re, die Hotel Sophia ihnen anbietet. Mit drei Zimmerkategorien und der M\u00f6glichkeit, sie miteinander zu verbinden, um eine private Suite zu schaffen, bem\u00fcht sich Hotel Sophia seinen G\u00e4ste ein innovatives Ambiente w\u00e4hrend ihrem Aufenthalt anzubieten, ohne ihre Budget zu spr\u00e4ngen. Im Sinne eines Reisenden, wurden unsere 49 Zimmer f\u00fcr<br \/><a href=\"https:\/\/www.hotelsophia.com.au\/de\/modern-rooms\/\" class=\"more\"> Read More&#8230;<\/a><\/p>\n","protected":false},"author":1,"featured_media":0,"parent":0,"menu_order":0,"comment_status":"closed","ping_status":"closed","template":"","meta":{"footnotes":""},"class_list":["post-9","page","type-page","status-publish","hentry"],"acf":[],"yoast_head":"<!-- This site is optimized with the Yoast SEO plugin v18.2 - https:\/\/yoast.com\/wordpress\/plugins\/seo\/ -->\n<title>Ihre Heimat in der Stadt - Hotel Sophia<\/title>\n<meta name=\"robots\" content=\"index, follow, max-snippet:-1, max-image-preview:large, max-video-preview:-1\" \/>\n<link rel=\"canonical\" href=\"https:\/\/www.hotelsophia.com.au\/fr\/modern-rooms\/\" \/>\n<meta property=\"og:locale\" content=\"de_DE\" \/>\n<meta property=\"og:type\" content=\"article\" \/>\n<meta property=\"og:title\" content=\"[:en]Modern Rooms[:zh]\u60a8\uff0c\u5e02\u4e2d\u5fc3\u7684\u5bb6[:it]La vostra casa in citt\u00e0[:fr]Votre foyer dans la ville[:de]Ihre Heimat in der Stadt[:hi]\u0936\u0939\u0930 \u092e\u0947\u0901 \u0906\u092a\u0915\u093e \u0918\u0930\u2026..[:ko]\uc2dc\ud2f0\uc548\uc758 \ucd5c\uace0\uc758 \ud638\ud154[:ph]Modern Rooms[:th]\u0e1a\u0e49\u0e32\u0e19\u0e43\u0e19\u0e40\u0e21\u0e37\u0e2d\u0e07\u0e02\u0e2d\u0e07\u0e04\u0e38\u0e13[:] - Hotel Sophia\" \/>\n<meta property=\"og:description\" content=\"Erleben Sie die neue und besondere Atmosph\u00e4re, die Hotel Sophia ihnen anbietet. Mit drei Zimmerkategorien und der M\u00f6glichkeit, sie miteinander zu verbinden, um eine private Suite zu schaffen, bem\u00fcht sich Hotel Sophia seinen G\u00e4ste ein innovatives Ambiente w\u00e4hrend ihrem Aufenthalt anzubieten, ohne ihre Budget zu spr\u00e4ngen. Im Sinne eines Reisenden, wurden unsere 49 Zimmer f\u00fcr Read More...\" \/>\n<meta property=\"og:url\" content=\"https:\/\/www.hotelsophia.com.au\/fr\/modern-rooms\/\" \/>\n<meta property=\"og:site_name\" content=\"Hotel Sophia\" \/>\n<meta property=\"article:modified_time\" content=\"2020-12-23T08:17:35+00:00\" \/>\n<meta property=\"og:image\" content=\"http:\/\/www.hotelsophia.com.au\/wp-content\/uploads\/2020\/12\/modern-rooms-3-300x176.jpg\" \/>\n<meta name=\"twitter:label1\" content=\"Gesch\u00e4tzte Lesezeit\" \/>\n\t<meta name=\"twitter:data1\" content=\"6\u00a0Minuten\" \/>\n<script type=\"application\/ld+json\" class=\"yoast-schema-graph\">{\"@context\":\"https:\/\/schema.org\",\"@graph\":[{\"@type\":\"WebSite\",\"@id\":\"https:\/\/www.hotelsophia.com.au\/#website\",\"url\":\"https:\/\/www.hotelsophia.com.au\/\",\"name\":\"Hotel Sophia\",\"description\":\"\",\"potentialAction\":[{\"@type\":\"SearchAction\",\"target\":{\"@type\":\"EntryPoint\",\"urlTemplate\":\"https:\/\/www.hotelsophia.com.au\/?s={search_term_string}\"},\"query-input\":\"required name=search_term_string\"}],\"inLanguage\":\"de\"},{\"@type\":\"ImageObject\",\"@id\":\"https:\/\/www.hotelsophia.com.au\/fr\/modern-rooms\/#primaryimage\",\"inLanguage\":\"de\",\"url\":\"http:\/\/www.hotelsophia.com.au\/wp-content\/uploads\/2020\/12\/modern-rooms-3-300x176.jpg\",\"contentUrl\":\"http:\/\/www.hotelsophia.com.au\/wp-content\/uploads\/2020\/12\/modern-rooms-3-300x176.jpg\"},{\"@type\":\"WebPage\",\"@id\":\"https:\/\/www.hotelsophia.com.au\/fr\/modern-rooms\/#webpage\",\"url\":\"https:\/\/www.hotelsophia.com.au\/fr\/modern-rooms\/\",\"name\":\"[:en]Modern Rooms[:zh]\u60a8\uff0c\u5e02\u4e2d\u5fc3\u7684\u5bb6[:it]La vostra casa in citt\u00e0[:fr]Votre foyer dans la ville[:de]Ihre Heimat in der Stadt[:hi]\u0936\u0939\u0930 \u092e\u0947\u0901 \u0906\u092a\u0915\u093e \u0918\u0930\u2026..[:ko]\uc2dc\ud2f0\uc548\uc758 \ucd5c\uace0\uc758 \ud638\ud154[:ph]Modern Rooms[:th]\u0e1a\u0e49\u0e32\u0e19\u0e43\u0e19\u0e40\u0e21\u0e37\u0e2d\u0e07\u0e02\u0e2d\u0e07\u0e04\u0e38\u0e13[:] - Hotel Sophia\",\"isPartOf\":{\"@id\":\"https:\/\/www.hotelsophia.com.au\/#website\"},\"primaryImageOfPage\":{\"@id\":\"https:\/\/www.hotelsophia.com.au\/fr\/modern-rooms\/#primaryimage\"},\"datePublished\":\"2015-10-08T22:57:55+00:00\",\"dateModified\":\"2020-12-23T08:17:35+00:00\",\"breadcrumb\":{\"@id\":\"https:\/\/www.hotelsophia.com.au\/fr\/modern-rooms\/#breadcrumb\"},\"inLanguage\":\"de\",\"potentialAction\":[{\"@type\":\"ReadAction\",\"target\":[\"https:\/\/www.hotelsophia.com.au\/fr\/modern-rooms\/\"]}]},{\"@type\":\"BreadcrumbList\",\"@id\":\"https:\/\/www.hotelsophia.com.au\/fr\/modern-rooms\/#breadcrumb\",\"itemListElement\":[{\"@type\":\"ListItem\",\"position\":1,\"name\":\"Home\",\"item\":\"https:\/\/www.hotelsophia.com.au\/fr\/\"},{\"@type\":\"ListItem\",\"position\":2,\"name\":\"Votre foyer dans la ville\"}]}]}<\/script>\n<!-- \/ Yoast SEO plugin. -->","yoast_head_json":{"title":"[:en]Modern Rooms[:zh]\u60a8\uff0c\u5e02\u4e2d\u5fc3\u7684\u5bb6[:it]La vostra casa in citt\u00e0[:fr]Votre foyer dans la ville[:de]Ihre Heimat in der Stadt[:hi]\u0936\u0939\u0930 \u092e\u0947\u0901 \u0906\u092a\u0915\u093e \u0918\u0930\u2026..[:ko]\uc2dc\ud2f0\uc548\uc758 \ucd5c\uace0\uc758 \ud638\ud154[:ph]Modern Rooms[:th]\u0e1a\u0e49\u0e32\u0e19\u0e43\u0e19\u0e40\u0e21\u0e37\u0e2d\u0e07\u0e02\u0e2d\u0e07\u0e04\u0e38\u0e13[:] - Hotel Sophia","robots":{"index":"index","follow":"follow","max-snippet":"max-snippet:-1","max-image-preview":"max-image-preview:large","max-video-preview":"max-video-preview:-1"},"canonical":"https:\/\/www.hotelsophia.com.au\/fr\/modern-rooms\/","og_locale":"de_DE","og_type":"article","og_title":"[:en]Modern Rooms[:zh]\u60a8\uff0c\u5e02\u4e2d\u5fc3\u7684\u5bb6[:it]La vostra casa in citt\u00e0[:fr]Votre foyer dans la ville[:de]Ihre Heimat in der Stadt[:hi]\u0936\u0939\u0930 \u092e\u0947\u0901 \u0906\u092a\u0915\u093e \u0918\u0930\u2026..[:ko]\uc2dc\ud2f0\uc548\uc758 \ucd5c\uace0\uc758 \ud638\ud154[:ph]Modern Rooms[:th]\u0e1a\u0e49\u0e32\u0e19\u0e43\u0e19\u0e40\u0e21\u0e37\u0e2d\u0e07\u0e02\u0e2d\u0e07\u0e04\u0e38\u0e13[:] - Hotel Sophia","og_description":"Erleben Sie die neue und besondere Atmosph\u00e4re, die Hotel Sophia ihnen anbietet. Mit drei Zimmerkategorien und der M\u00f6glichkeit, sie miteinander zu verbinden, um eine private Suite zu schaffen, bem\u00fcht sich Hotel Sophia seinen G\u00e4ste ein innovatives Ambiente w\u00e4hrend ihrem Aufenthalt anzubieten, ohne ihre Budget zu spr\u00e4ngen. Im Sinne eines Reisenden, wurden unsere 49 Zimmer f\u00fcr Read More...","og_url":"https:\/\/www.hotelsophia.com.au\/fr\/modern-rooms\/","og_site_name":"Hotel Sophia","article_modified_time":"2020-12-23T08:17:35+00:00","og_image":[{"url":"http:\/\/www.hotelsophia.com.au\/wp-content\/uploads\/2020\/12\/modern-rooms-3-300x176.jpg"}],"twitter_misc":{"Gesch\u00e4tzte Lesezeit":"6\u00a0Minuten"},"schema":{"@context":"https:\/\/schema.org","@graph":[{"@type":"WebSite","@id":"https:\/\/www.hotelsophia.com.au\/#website","url":"https:\/\/www.hotelsophia.com.au\/","name":"Hotel Sophia","description":"","potentialAction":[{"@type":"SearchAction","target":{"@type":"EntryPoint","urlTemplate":"https:\/\/www.hotelsophia.com.au\/?s={search_term_string}"},"query-input":"required name=search_term_string"}],"inLanguage":"de"},{"@type":"ImageObject","@id":"https:\/\/www.hotelsophia.com.au\/fr\/modern-rooms\/#primaryimage","inLanguage":"de","url":"http:\/\/www.hotelsophia.com.au\/wp-content\/uploads\/2020\/12\/modern-rooms-3-300x176.jpg","contentUrl":"http:\/\/www.hotelsophia.com.au\/wp-content\/uploads\/2020\/12\/modern-rooms-3-300x176.jpg"},{"@type":"WebPage","@id":"https:\/\/www.hotelsophia.com.au\/fr\/modern-rooms\/#webpage","url":"https:\/\/www.hotelsophia.com.au\/fr\/modern-rooms\/","name":"[:en]Modern Rooms[:zh]\u60a8\uff0c\u5e02\u4e2d\u5fc3\u7684\u5bb6[:it]La vostra casa in citt\u00e0[:fr]Votre foyer dans la ville[:de]Ihre Heimat in der Stadt[:hi]\u0936\u0939\u0930 \u092e\u0947\u0901 \u0906\u092a\u0915\u093e \u0918\u0930\u2026..[:ko]\uc2dc\ud2f0\uc548\uc758 \ucd5c\uace0\uc758 \ud638\ud154[:ph]Modern Rooms[:th]\u0e1a\u0e49\u0e32\u0e19\u0e43\u0e19\u0e40\u0e21\u0e37\u0e2d\u0e07\u0e02\u0e2d\u0e07\u0e04\u0e38\u0e13[:] - Hotel Sophia","isPartOf":{"@id":"https:\/\/www.hotelsophia.com.au\/#website"},"primaryImageOfPage":{"@id":"https:\/\/www.hotelsophia.com.au\/fr\/modern-rooms\/#primaryimage"},"datePublished":"2015-10-08T22:57:55+00:00","dateModified":"2020-12-23T08:17:35+00:00","breadcrumb":{"@id":"https:\/\/www.hotelsophia.com.au\/fr\/modern-rooms\/#breadcrumb"},"inLanguage":"de","potentialAction":[{"@type":"ReadAction","target":["https:\/\/www.hotelsophia.com.au\/fr\/modern-rooms\/"]}]},{"@type":"BreadcrumbList","@id":"https:\/\/www.hotelsophia.com.au\/fr\/modern-rooms\/#breadcrumb","itemListElement":[{"@type":"ListItem","position":1,"name":"Home","item":"https:\/\/www.hotelsophia.com.au\/fr\/"},{"@type":"ListItem","position":2,"name":"Votre foyer dans la ville"}]}]}},"_links":{"self":[{"href":"https:\/\/www.hotelsophia.com.au\/de\/wp-json\/wp\/v2\/pages\/9","targetHints":{"allow":["GET"]}}],"collection":[{"href":"https:\/\/www.hotelsophia.com.au\/de\/wp-json\/wp\/v2\/pages"}],"about":[{"href":"https:\/\/www.hotelsophia.com.au\/de\/wp-json\/wp\/v2\/types\/page"}],"author":[{"embeddable":true,"href":"https:\/\/www.hotelsophia.com.au\/de\/wp-json\/wp\/v2\/users\/1"}],"replies":[{"embeddable":true,"href":"https:\/\/www.hotelsophia.com.au\/de\/wp-json\/wp\/v2\/comments?post=9"}],"version-history":[{"count":0,"href":"https:\/\/www.hotelsophia.com.au\/de\/wp-json\/wp\/v2\/pages\/9\/revisions"}],"wp:attachment":[{"href":"https:\/\/www.hotelsophia.com.au\/de\/wp-json\/wp\/v2\/media?parent=9"}],"curies":[{"name":"wp","href":"https:\/\/api.w.org\/{rel}","templated":true}]}}